{"id":282,"date":"2019-05-14T10:48:25","date_gmt":"2019-05-14T10:48:25","guid":{"rendered":"http:\/\/kreko.de\/?page_id=282"},"modified":"2023-07-27T15:12:06","modified_gmt":"2023-07-27T15:12:06","slug":"klienten","status":"publish","type":"page","link":"https:\/\/bmc-professionals.com\/en\/klienten\/","title":{"rendered":"Our Clients"},"content":{"rendered":"<h2>Unsere Klienten &#8211; Finanzdienstleister im Umbruch<\/h2>\n\t<h2>Unsere Klienten &#8211; Finanzdienstleister im Umbruch<\/h2>\n\t<h4><strong>Unsere Klienten &#8211; Finanzdienstleister im Umbruch<\/strong><\/h4>\n\t<h1>Our Clients are Changing<\/h1>\n\t<h3>Our Clients are Changing<\/h3>\n\t<p>Our clients are changing: banks, insurance companies and their service providers are facing fundamental challenges which have a strong impact on business and operating models. New sets of regulatory requirements, digital innovation, cost pressure and the need to find pockets of profitable growth have become the key drivers of the industry.<\/p>\n\tHowever, internal capabilities are not limitless, timelines for multiple change initiatives are tight, and target setting has become more difficult in times of great uncertainty and volatility. As these strategic and tactical challenges are complex enough to address, the successful execution of large transformation programs has become a key focus for top management. \u201cGetting things done\u201d requires capabilities not every institution has sufficient levels of.<br \/>\n\u201cGetting things done\u201d requires capabilities not every institution has sufficient levels of.\n\t<h3>The Three Key Drivers for the Financial Services Industry<\/h3>\n\t<h4>The Three Key Drivers for the Financial Services Industry<\/h4>\n\t<h4>Regulatory Pressure<\/h4>\n\t\t\t\t<img decoding=\"async\" src=\"https:\/\/bmc-strategy.com\/wp-content\/uploads\/2019\/06\/Regulatorischer_Druck.png\" alt=\"Regulatorischer_Druck\" itemprop=\"image\" title=\"Regulatorischer_Druck\" onerror=\"this.style.display='none'\"  \/>\n\t<p>Regulation deeply impacts business and operating models.<\/p>\n\t<p>Regulation deeply impacts business and operating models.<\/p>\n\t<h4>Digital Innovation and Growth<\/h4>\n\t\t\t\t<img decoding=\"async\" src=\"https:\/\/bmc-strategy.com\/wp-content\/uploads\/2019\/06\/Digitale_Welt_und_Wachstum.png\" alt=\"Digitale_Welt_und_Wachstum\" itemprop=\"image\" title=\"Digitale_Welt_und_Wachstum\" onerror=\"this.style.display='none'\"  \/>\n\t<p>Digital customers want digital solutions, innovation which is being driven outside of the banking sector.<\/p>\n\t<p>Digital customers want digital solutions, innovation which is being driven outside of the banking sector.<\/p>\n\t<h4>Efficiency Requirements<\/h4>\n\t\t\t\t<img decoding=\"async\" src=\"https:\/\/bmc-strategy.com\/wp-content\/uploads\/2019\/06\/Kostendruck.png\" alt=\"Kostendruck\" itemprop=\"image\" title=\"Kostendruck\" onerror=\"this.style.display='none'\"  \/>\n\t<p>Cost pressure driven by the erosion of earnings, business and operational complexity and regulation-driven costs.<\/p>\n\t<p>Cost pressure driven by the erosion of earnings, business and operational complexity and regulation-driven costs.<\/p>\n\t<h1>Zusammenarbeit &#8211; Wir sind Partner von Banken,<br \/>\nVersicherungen und deren Dienstleistern<\/h1>\n\t<h3>Zusammenarbeit &#8211; Wir sind Partner von Banken,<br \/>\nVersicherungen und deren Dienstleistern<\/h3>\n\tWir verstehen uns als Partner von Banken, Versicherungen und deren Dienstleistern. Professionelle Probleml\u00f6sung f\u00fcr unsere Klienten ist unsere Mission.<br \/>\nAufgrund unserer Fokussierung verf\u00fcgen wir \u00fcber umfassende und tiefe Expertise und k\u00f6nnen einen wirklichen Wettbewerbsvorteil mit unseren Kunden f\u00fcr unsere Kunden erarbeiten.\u00a0\n<p>We work with reputable institutions in the financial services industry, such as:<\/p>\n<p>&nbsp;<\/p>\n\tWir verstehen uns als Partner von Banken, Versicherungen und deren Dienstleistern. Professionelle Probleml\u00f6sung f\u00fcr unsere Klienten ist unsere Mission.<br \/>\nAufgrund unserer Fokussierung verf\u00fcgen wir \u00fcber umfassende und tiefe Expertise und k\u00f6nnen einen wirklichen Wettbewerbsvorteil mit unseren Kunden f\u00fcr unsere Kunden erarbeiten.\u00a0\n<p>We work with reputable institutions in the financial services industry, such as:<\/p>\n<p>&nbsp;<\/p>\n    <img decoding=\"async\" src=\"https:\/\/bmc-strategy.com\/wp-content\/uploads\/2019\/06\/LOGO_png_small_250px.png\" width=\"\" alt=\"\">\n    <p>We are pleased to announce that we are now BMC Strategy, you can find us now here.<\/p>\n    <a href=\"https:\/\/bmc-strategy.com\/\">https:\/\/bmc-strategy.com\/<\/a>\n\t<p><em>Selected clients of BMC-professionals GmbH, BMC Strategy Consultants GmbH (Frankfurt a.M.) or BMC-professionals (predecessor company)<\/em><\/p>\n\t\t\t\t<a href=\"https:\/\/bmc-professionals.com\/en\/\" target=\"_self\" itemprop=\"url\" rel=\"noopener\">\n\t\t\t\t<img decoding=\"async\" loading=\"lazy\" src=\"https:\/\/bmc-professionals.com\/wp-content\/uploads\/2019\/09\/LOGO_png_small_250px.png\" alt=\"LOGO_png_small_250px\" itemprop=\"image\" height=\"62\" width=\"250\" title=\"LOGO_png_small_250px\" onerror=\"this.style.display='none'\"  \/>\n\t\t\t\t<\/a>\n\t<p><a href=\"https:\/\/bmc-professionals.com\/en\/kontakt\/\">Contact <\/a>\u00a0I\u00a0<a href=\"https:\/\/bmc-professionals.com\/en\/karriere\/\"> Career<\/a>\u00a0 I\u00a0 <a href=\"https:\/\/bmc-professionals.com\/en\/impressum\/\">Imprint<\/a>\u00a0 I\u00a0 <a href=\"https:\/\/bmc-professionals.com\/en\/datenschutz\/\">Privacy Protection<\/a><\/p>","protected":false},"excerpt":{"rendered":"<p>\t\t\t\t<![CDATA[]]>\t\t<\/p>","protected":false},"author":1,"featured_media":0,"parent":0,"menu_order":0,"comment_status":"closed","ping_status":"closed","template":"","meta":[],"_links":{"self":[{"href":"https:\/\/bmc-professionals.com\/en\/wp-json\/wp\/v2\/pages\/282"}],"collection":[{"href":"https:\/\/bmc-professionals.com\/en\/wp-json\/wp\/v2\/pages"}],"about":[{"href":"https:\/\/bmc-professionals.com\/en\/wp-json\/wp\/v2\/types\/page"}],"author":[{"embeddable":true,"href":"https:\/\/bmc-professionals.com\/en\/wp-json\/wp\/v2\/users\/1"}],"replies":[{"embeddable":true,"href":"https:\/\/bmc-professionals.com\/en\/wp-json\/wp\/v2\/comments?post=282"}],"version-history":[{"count":8,"href":"https:\/\/bmc-professionals.com\/en\/wp-json\/wp\/v2\/pages\/282\/revisions"}],"predecessor-version":[{"id":1568,"href":"https:\/\/bmc-professionals.com\/en\/wp-json\/wp\/v2\/pages\/282\/revisions\/1568"}],"wp:attachment":[{"href":"https:\/\/bmc-professionals.com\/en\/wp-json\/wp\/v2\/media?parent=282"}],"curies":[{"name":"wp","href":"https:\/\/api.w.org\/{rel}","templated":true}]}}