{"id":274,"date":"2019-05-14T10:40:43","date_gmt":"2019-05-14T10:40:43","guid":{"rendered":"http:\/\/kreko.de\/?page_id=274"},"modified":"2023-07-27T15:10:34","modified_gmt":"2023-07-27T15:10:34","slug":"kompetenzen","status":"publish","type":"page","link":"https:\/\/bmc-professionals.com\/en\/kompetenzen\/","title":{"rendered":"Competencies"},"content":{"rendered":"<h2>Senior Expertise and Professional Competence<\/h2>\n\t<h2>Senior Expertise and Professional Competence<\/h2>\n\t<h4><strong>Senior Expertise and Professional Competence<\/strong><\/h4>\n\t<h1>Wer wir sind &#8211; Die erfahrungsbasierte Strategie- und Managementberatung f\u00fcr Finanzdienstleister<\/h1>\n\t<h3>Wer wir sind &#8211; Die erfahrungsbasierte Strategie- und Managementberatung f\u00fcr Finanzdienstleister<\/h3>\n\t<p class=\" translation-block\">BMC Professionals supports clients to solve strategic management challenges and implement the solutions. Our partners are experienced top management consultants with considerable expertise in the financial services industry.<\/p>\n\t<p>We combine our competencies with those of specialized network partners. In this way, we configure lean, tailor-made consulting teams for the specific needs of our clients.<\/p>\n\t<h3>How We Work - Our Consulting Approach<\/h3>\n\t<h4>Managing Strategic Challenges<\/h4>\n\t<h4>Innovative Concepts and Implementation Support<\/h4>\n\t<h4>Focused, Specialized Teams<\/h4>\n\t<h4>Tailor-made Solutions for Our Clients<\/h4>\n\t\t\t\t<img decoding=\"async\" src=\"https:\/\/bmc-strategy.com\/wp-content\/uploads\/2019\/06\/strategische_Herausforderungen.jpg\" alt=\"strategische_Herausforderungen\" itemprop=\"image\" title=\"strategische_Herausforderungen\" onerror=\"this.style.display='none'\"  \/>\n\tAls Strategieberater arbeiten wir mit dem Management unserer Kunden an deren wichtigsten Herausforderungen.<br \/>\nWir stehen f\u00fcr Expertise und Dialog. Nicht f\u00fcr generische Massenberatung.\n\t\t\t\t<img decoding=\"async\" src=\"https:\/\/bmc-strategy.com\/wp-content\/uploads\/2019\/06\/Innovative_Konzepte-1.jpg\" alt=\"Innovative_Konzepte\" itemprop=\"image\" title=\"Innovative_Konzepte\" onerror=\"this.style.display='none'\"  \/>\n\tWir l\u00f6sen Kundenprobleme, begleiten aber auch bei der Umsetzung der L\u00f6sung.<br \/>\nWir stehen f\u00fcr Ergebnisse.<br \/>\nNicht f\u00fcr bunte Hochglanzpr\u00e4sentationen.\n\t\t\t\t<img decoding=\"async\" src=\"https:\/\/bmc-strategy.com\/wp-content\/uploads\/2019\/06\/Fokusierte_spezialisierte_Teams.png\" alt=\"Fokusierte_spezialisierte_Teams\" itemprop=\"image\" title=\"Fokusierte_spezialisierte_Teams\" onerror=\"this.style.display='none'\"  \/>\n\tWir arbeiten ausschlie\u00dflich in fokussierten Teams mit spezialisierten Experten.<br \/>\nWir stehen f\u00fcr Know-how und Erfahrung.<br \/>\nNicht f\u00fcr Junior-Beraterpyramiden.\n\t\t\t\t<img decoding=\"async\" src=\"https:\/\/bmc-strategy.com\/wp-content\/uploads\/2019\/06\/passgenaue_loesungen.jpg\" alt=\"passgenaue_loesungen\" itemprop=\"image\" title=\"passgenaue_loesungen\" onerror=\"this.style.display='none'\"  \/>\n\tWir wissen, dass jeder Klient und jedes Kundenproblem individuell sind.<br \/>\nWir stehen f\u00fcr passgenaue L\u00f6sungen f\u00fcr unsere Klienten.<br \/>\nNicht f\u00fcr Standardkonzepte von der Stange.\n\t<h3>How We Work - Our Consulting Approach<\/h3>\n\t<h4>Managing Strategic Challenges<\/h4>\n\t\t\t\t<img decoding=\"async\" src=\"https:\/\/bmc-strategy.com\/wp-content\/uploads\/2019\/06\/strategische_Herausforderungen.jpg\" alt=\"strategische_Herausforderungen\" itemprop=\"image\" title=\"strategische_Herausforderungen\" onerror=\"this.style.display='none'\"  \/>\n\tAls Strategieberater arbeiten wir mit dem Management unserer Kunden an deren wichtigsten Herausforderungen.<br \/>\nWir stehen f\u00fcr Expertise und Dialog. Nicht f\u00fcr generische Massenberatung.\n\t<h4>Innovative Concepts and Implementation Support<\/h4>\n\t\t\t\t<img decoding=\"async\" src=\"https:\/\/bmc-strategy.com\/wp-content\/uploads\/2019\/06\/Innovative_Konzepte-1.jpg\" alt=\"Innovative_Konzepte\" itemprop=\"image\" title=\"Innovative_Konzepte\" onerror=\"this.style.display='none'\"  \/>\n\tWir l\u00f6sen Kundenprobleme, begleiten aber auch bei der Umsetzung der L\u00f6sung.<br \/>\nWir stehen f\u00fcr Ergebnisse.<br \/>\nNicht f\u00fcr bunte Hochglanzpr\u00e4sentationen.\n\t<h4>Focused, Specialized Teams<\/h4>\n\t\t\t\t<img decoding=\"async\" src=\"https:\/\/bmc-strategy.com\/wp-content\/uploads\/2019\/06\/Fokusierte_spezialisierte_Teams.png\" alt=\"Fokusierte_spezialisierte_Teams\" itemprop=\"image\" title=\"Fokusierte_spezialisierte_Teams\" onerror=\"this.style.display='none'\"  \/>\n\tWir arbeiten ausschlie\u00dflich in fokussierten Teams mit spezialisierten Experten.<br \/>\nWir stehen f\u00fcr Know-how und Erfahrung.<br \/>\nNicht f\u00fcr Junior-Beraterpyramiden.\n\t<h4>Tailor-made Solutions for Our Clients<\/h4>\n\t\t\t\t<img decoding=\"async\" src=\"https:\/\/bmc-strategy.com\/wp-content\/uploads\/2019\/06\/passgenaue_loesungen.jpg\" alt=\"passgenaue_loesungen\" itemprop=\"image\" title=\"passgenaue_loesungen\" onerror=\"this.style.display='none'\"  \/>\n\tWir wissen, dass jeder Klient und jedes Kundenproblem individuell sind.<br \/>\nWir stehen f\u00fcr passgenaue L\u00f6sungen f\u00fcr unsere Klienten.<br \/>\nNicht f\u00fcr Standardkonzepte von der Stange.\n\t<h1>Unsere Kompetenzen &#8211; Vier Beratungsschwerpunkte<\/h1>\n\t<h3>Unsere Kompetenzen &#8211; Vier Beratungsschwerpunkte<\/h3>\n\t<h4>Market and Distribution Strategy, Digitization<\/h4>\n\t\t\t\t<img decoding=\"async\" src=\"https:\/\/bmc-strategy.com\/wp-content\/uploads\/2019\/06\/Vertriebsstrategie.jpg\" alt=\"Vertriebsstrategie\" itemprop=\"image\" title=\"Vertriebsstrategie\" onerror=\"this.style.display='none'\"  \/>\n\t<ul>\n<li>Strategic business development<\/li>\n<li>Strategic positioning<\/li>\n<li>Business model definition<\/li>\n<li>(Digital) customer and sales strategies<\/li>\n<li>Control and process optimization in multi-channel distribution<\/li>\n<li>Product development, innovation and management<\/li>\n<\/ul>\n\t<h4>Strategic Optimization of IT &amp; Operations<\/h4>\n\t\t\t\t<img decoding=\"async\" src=\"https:\/\/bmc-strategy.com\/wp-content\/uploads\/2019\/06\/IT_Operations.jpg\" alt=\"IT_Operations\" itemprop=\"image\" title=\"IT_Operations\" onerror=\"this.style.display='none'\"  \/>\n\t<ul>\n<li>Optimization of IT project portfolios<\/li>\n<li>Project review, project rescue and quality assurance<\/li>\n<li>IT-Strategie und Architekturentwicklung<\/li>\n<li>Payment transactions, security settlement and credit processes<\/li>\n<li>Flexible, lean operating and sourcing models<\/li>\n<\/ul>\n\t<h4>Targeted Implementation of Regulatory Requirements<\/h4>\n\t\t\t\t<img decoding=\"async\" src=\"https:\/\/bmc-strategy.com\/wp-content\/uploads\/2019\/06\/Regulatorisch_Anforderungen.jpg\" alt=\"Regulatorisch_Anforderungen\" itemprop=\"image\" title=\"Regulatorisch_Anforderungen\" onerror=\"this.style.display='none'\"  \/>\n\t<ul>\n<li>Regulatory radar and impact assessment on business\/operating model<\/li>\n<li>Regulatory project (portfolio) alignment and review<\/li>\n<li>Focus \/ review of individual projects<\/li>\n<li>Design of finance and risk architecture: functional, applications, data<\/li>\n<li>Program guidance and quality assurance<\/li>\n<\/ul>\n\t<h4>Organizational Optimization and Efficiency Management<\/h4>\n\t\t\t\t<img decoding=\"async\" src=\"https:\/\/bmc-strategy.com\/wp-content\/uploads\/2019\/06\/Organisationsoptimierung2.jpg\" alt=\"Organisationsoptimierung2\" itemprop=\"image\" title=\"Organisationsoptimierung2\" onerror=\"this.style.display='none'\"  \/>\n\t<ul>\n<li>Service-oriented, effective organization<\/li>\n<li>Reorganization, post-merger integration<\/li>\n<li>Analysis of cost structures and complexity<\/li>\n<li>Levers and action plan for efficiency optimization<\/li>\n<li>Implementation support and benefit capture control<\/li>\n<\/ul>\n\t<h4>Market and Distribution Strategy, Digitization<\/h4>\n\t\t\t\t<img decoding=\"async\" src=\"https:\/\/bmc-strategy.com\/wp-content\/uploads\/2019\/06\/Vertriebsstrategie.jpg\" alt=\"Vertriebsstrategie\" itemprop=\"image\" title=\"Vertriebsstrategie\" onerror=\"this.style.display='none'\"  \/>\n\t<ul>\n<li>Strategic business development<\/li>\n<li>Strategic positioning<\/li>\n<li>Business model definition<\/li>\n<li>(Digital) customer and sales strategies<\/li>\n<li>Control and process optimization in multi-channel distribution<\/li>\n<li>Product development, innovation and management<\/li>\n<\/ul>\n\t<h4>Strategic Optimization of IT &amp; Operations<\/h4>\n\t\t\t\t<img decoding=\"async\" src=\"https:\/\/bmc-strategy.com\/wp-content\/uploads\/2019\/06\/IT_Operations.jpg\" alt=\"IT_Operations\" itemprop=\"image\" title=\"IT_Operations\" onerror=\"this.style.display='none'\"  \/>\n\t<ul>\n<li>Optimierung des IT Projektportfolios<\/li>\n<li>Project review, project rescue and quality assurance<\/li>\n<li>IT Strategie und Architekturentwicklung<\/li>\n<li>Payment transactions, security settlement and credit processes<\/li>\n<li>Flexible, lean operating and sourcing models<\/li>\n<\/ul>\n\t<h4>Targeted Implementation of Regulatory Requirements<\/h4>\n\t\t\t\t<img decoding=\"async\" src=\"https:\/\/bmc-strategy.com\/wp-content\/uploads\/2019\/06\/Regulatorisch_Anforderungen.jpg\" alt=\"Regulatorisch_Anforderungen\" itemprop=\"image\" title=\"Regulatorisch_Anforderungen\" onerror=\"this.style.display='none'\"  \/>\n\t<ul>\n<li>Regulatorischer Radar<\/li>\n<li>Auswirkungen Regulierung auf Gesch\u00e4fts-\/Betriebsmodell<\/li>\n<li>Regulatory project (portfolio) alignment and review<\/li>\n<li>Focus \/ review of individual projects<\/li>\n<li>Design of finance and risk architecture: functional, applications, data<\/li>\n<li>Program guidance and quality assurance<\/li>\n<\/ul>\n\t<h4>Organizational Optimization and Efficiency Management<\/h4>\n\t\t\t\t<img decoding=\"async\" src=\"https:\/\/bmc-strategy.com\/wp-content\/uploads\/2019\/06\/Organisationsoptimierung2.jpg\" alt=\"Organisationsoptimierung2\" itemprop=\"image\" title=\"Organisationsoptimierung2\" onerror=\"this.style.display='none'\"  \/>\n\t<ul>\n<li>Service-oriented, effective organization<\/li>\n<li>Reorganization, post-merger integration<\/li>\n<li>Analysis of cost structures and complexity<\/li>\n<li>Levers and action plan for efficiency optimization<\/li>\n<li>Implementation support and benefit capture control<\/li>\n<\/ul>\n\t<h1>Unser Beratungsansatz &#8211;<br \/>\nKundenzentriert, erfahrungsbasiert, relevant, effektiv<\/h1>\n\t<h3>Unser Beratungsansatz &#8211; Kundenzentriert, erfahrungsbasiert, relevant, effektiv<\/h3>\n\t\t\t\t<img decoding=\"async\" loading=\"lazy\" src=\"https:\/\/bmc-professionals.com\/wp-content\/uploads\/2019\/09\/6-Bausteine_EN.png\" alt=\"6-Bausteine_DE\" itemprop=\"image\" height=\"1557\" width=\"1652\" title=\"6-Bausteine_DE\" onerror=\"this.style.display='none'\"  \/>\n\t<h1>Projektbeispiele &#8211; Ergebnisse f\u00fcr unsere Kunden<\/h1>\n\t<h3>Projektbeispiele &#8211; Ergebnisse f\u00fcr unsere Kunden<\/h3>\n\t<h3>Retail Strategy for a Bank<\/h3>\n\t\t\t\t<img decoding=\"async\" src=\"https:\/\/bmc-strategy.com\/wp-content\/uploads\/2019\/06\/arrow.png\" alt=\"arrow\" itemprop=\"image\" title=\"arrow\" onerror=\"this.style.display='none'\"  \/>\n\t<p><strong>Customer challenge: \"Is classic retail banking coming to an end? What does sustainable retail banking look like?\" <\/strong><\/p>\n\t<p>Low interest rates, increasing competition from \"digital\" providers, unfavorable cost structures and additional regulatory costs are weakening the strategic positioning of many retail banks. With the support of BMC Professionals, our client has refined its sustainable strategy and initiated an implementation program.<\/p>\n\t<p><strong>Project approach and result: \"Customer-centric, focused business model\"<\/strong><\/p>\n\tGemeinsam mit dem Klienten haben wir einen Strategieentwicklungsprozess<br \/>\ndurchgef\u00fchrt. In diesen wurden zun\u00e4chst M\u00e4rkte und Marktpotenziale untersucht und Kunden- sowie Produktstrukturen finanziell bewertet. Zudem wurden Kundenanforderungen an die Bank direkt durch \u201eKundenfokusgruppen\u201c eingeholt. Der Wettbewerb wurde im Hinblick auf Digitalisierungsstrategien, aber auch hinsichtlich finanzieller und vertrieblicher Kennzahlen untersucht.<br \/>\nGemeinsam haben wir Marktchancen \u2013 auch vor dem Hintergrund der internen F\u00e4higkeiten der Bank \u2013 priorisiert und in eine Strategie des Retailgesch\u00e4fts eingebettet.<br \/>\nDer Klient hat mit unserer Unterst\u00fctzung Ma\u00dfnahmenpakete definiert, die attraktive Returns on Investments liefern. In Summe ist eine Ergebnisverbesserung von 20% eingeleitet worden.\n\t<h3>IT Strategy for a Banking Group<\/h3>\n\t\t\t\t<img decoding=\"async\" src=\"https:\/\/bmc-strategy.com\/wp-content\/uploads\/2019\/06\/arrow.png\" alt=\"arrow\" itemprop=\"image\" title=\"arrow\" onerror=\"this.style.display='none'\"  \/>\n\t<p><strong>Customer challenge: \"What role should IT play in our company, what should it focus on, how much should it cost and how will it be organized?<\/strong><\/p>\n\t<p>These core issues were dealt with by a bank's Board of Managing Directors and IT management team. The existing IT strategy was more formal, and gave only partially viable answers to important requirements of the corporate strategy, the specialist area of the regulator, and technological change.<\/p>\n\t<p><strong>Project approach and result: \"Business-oriented, future-proof and compliant\".<\/strong><\/p>\n\t<p>Our approach to IT strategy definition systematically takes into account market, technological and regulatory factors. Increased requirements for the regulator are set through the BAIT framework, which defines highly operational and specific targets for the banks\u2019 IT strategy, stressing the ever-greater importance of information security and compliance. Technologically, cloud approaches and artificial intelligence are dramatically changing the delivery model and scope of IT services. For the customer, alignment with business functions was essential, while the business functions\u2019 strategic IT priorities had first to be discussed and jointly defined. As a result, a clear, much more \u2018business-oriented\u2019 IT strategy was developed, with a clear focus on the bank's success factors (e.g. customer experience, process optimization, efficiency, compliance). A customer-oriented and bimodal (integrating agile components) operating model and a sustainable HR concept for IT have ensured the future viability of the bank and IT.<\/p>\n\t<h3>Agilisation Bank<\/h3>\n\t\t\t\t<img decoding=\"async\" src=\"https:\/\/bmc-strategy.com\/wp-content\/uploads\/2019\/06\/arrow.png\" alt=\"arrow\" itemprop=\"image\" title=\"arrow\" onerror=\"this.style.display='none'\"  \/>\n\t<p><strong>Customer challenge: \"How can we become faster and more flexible in our decisions, while at the same time following clear, transparent and value-adding goals?<\/strong><\/p>\n\t<p>The board of a bank recognized the need to break out of rigid and rather formal targeting processes and look for a more agile and relevant management instrument.<\/p>\n\t<p><strong>Project approach and result: \"Clear, flexible, transparent: Objectives &amp; Key Results (OKR)\"<\/strong><\/p>\n\t<p class=\" translation-block\">This target setting methodology, which originated in the BigTech or FinTech area, transfers agile management principles to complete companies or parts of companies. We have adapted this approach to the specific needs of our customers. The elements to this approach are quarterly goal definition, the operationalization of goals into tangible and measurable \"results\", and the flexible and reasoned adjustment of goals which market or company require. In particular, the transparent discussion of setting and achieving business unit objectives has significantly improved the level of understanding and cooperation across organizational units. Decisions are made more quickly, and are now value-oriented and transparent. Responsibility is more decentralized, and at the same time more measurable.<\/p>\n\t<h3>Provider Strategy Insurance<\/h3>\n\t\t\t\t<img decoding=\"async\" src=\"https:\/\/bmc-strategy.com\/wp-content\/uploads\/2019\/06\/arrow.png\" alt=\"arrow\" itemprop=\"image\" title=\"arrow\" onerror=\"this.style.display='none'\"  \/>\n\t<p><strong>Customer challenge: \"Our processes are too manual, many documents are paper-based and our IT platform is outdated. How can we overcome this situation, and which strategic partners we should work with?\"<\/strong><\/p>\n\t<p>An insurance company needed an opportunity\/risk assessment of their existing (partner) structures and a reorientation of their IT provider strategy.<\/p>\n\t<p><strong>Project approach and result: \"New strategic partnership for the future of the insurance business.\"<\/strong><\/p>\n\t<p>Based an intensive business-oriented, technical, economic and strategic evaluation, the previous provider\u2019s model was dissolved and the upcoming \"forced migration\" to a new solution of the old provider was averted. Instead, a new strategic partner was found to best fit the needs of our customer, the existing platform was updated from a technical and capability perspective. Customers, business units and IT are already benefiting from this new provider strategy \u2013 the insurance performs \"better, cheaper and faster\".<\/p>\n\t<h3>Retail Strategy for a Bank<\/h3>\n\t<p><strong>Customer challenge: \"Is classic retail banking coming to an end? What does sustainable retail banking look like?\" <\/strong><\/p>\n\t<p>Low interest rates, increasing competition from \"digital\" providers, unfavorable cost structures and additional regulatory costs are weakening the strategic positioning of many retail banks. With the support of BMC Professionals, our client has refined its sustainable strategy and initiated an implementation program.<\/p>\n\t<p><strong>Projektansatz und Ergebnis: \u201eKundenzentriertes, fokussiertes Gesch\u00e4ftsmodell.\u201c<\/strong><\/p>\n\tGemeinsam mit dem Klienten haben wir einen Strategieentwicklungsprozess<br \/>\ndurchgef\u00fchrt. In diesen wurden zun\u00e4chst M\u00e4rkte und Marktpotenziale untersucht und Kunden- sowie Produktstrukturen finanziell bewertet. Zudem wurden Kundenanforderungen an die Bank direkt durch \u201eKundenfokusgruppen\u201c eingeholt. Der Wettbewerb wurde im Hinblick auf Digitalisierungsstrategien, aber auch hinsichtlich finanzieller und vertrieblicher Kennzahlen untersucht.<br \/>\nGemeinsam haben wir Marktchancen \u2013 auch vor dem Hintergrund der internen F\u00e4higkeiten der Bank \u2013 priorisiert und in eine Strategie des Retailgesch\u00e4fts eingebettet.<br \/>\nDer Klient hat mit unserer Unterst\u00fctzung Ma\u00dfnahmenpakete definiert, die attraktive Returns on Investments liefern. In Summe ist eine Ergebnisverbesserung von 20% eingeleitet worden.\n\t<h3>IT Strategie Bankengruppe<\/h3>\n\t<p><strong>Customer challenge: \"What role should IT play in our company, what should it focus on, how much should it cost and how will it be organized?<\/strong><\/p>\n\t<p>Diese Kernfragen besch\u00e4ftigten Vorstand und IT-F\u00fchrungsteam einer Bank. Die vorhandene IT Strategie war eher formal ausgerichtet und gab auf wichtige Anforderungen der Unternehmensstrategie, des Fachbereichs des Regulators und des technologischen Wandels nur teilweise tragf\u00e4hige Antworten.<\/p>\n\t<p><strong>Project approach and result: \"Business-oriented, future-proof and compliant\".<\/strong><\/p>\n\t<p>Unser Ansatz der IT-Strategiedefinition ber\u00fccksichtigt systematisch die Umfeldfaktoren Markt, Technologie und Regulatorik. Wichtig sind die gestiegenen Anforderungen des Regulators im Sinne der BAIT, die sehr operative und klare Ziele im Rahmen einer IT Strategie einfordert und die den Themen Informationssicherheit und Compliance immer st\u00e4rkere Bedeutung zumisst. Technologisch ver\u00e4ndern Cloud-Ans\u00e4tze und Artificial Intelligence Liefermodell und Leistungsumfang der IT dramatisch. Kunden-intern war das Alignment mit dem Fachbereich essentiell, wobei die strategischen IT Priorit\u00e4ten auf der Fachseite zun\u00e4chst gemeinsam diskutiert und definiert werden mussten. Im Ergebnis wurde eine klare, weitaus st\u00e4rker als bisher \u201egesch\u00e4ftsorientierte\u201c IT Strategie entwickelt, die einen klaren Fokus auf die Erfolgsfaktoren der Bank (z.B. Kundenerlebnis, Prozessoptimierung, Effizienz, Compliance) hat. Ein kundenorientiertes und bimodales (also auch agile Komponenten integrierendes) Operating-Modell sowie ein nachhaltiges IT Personalkonzept sichern die Zukunftsf\u00e4higkeit von Bank und IT ab.<\/p>\n\t<h3>Agilisation Bank<\/h3>\n\t<p><strong>Customer challenge: \"How can we become faster and more flexible in our decisions, while at the same time following clear, transparent and value-adding goals?<\/strong><\/p>\n\t<p>The board of a bank recognized the need to break out of rigid and rather formal targeting processes and look for a more agile and relevant management instrument.<\/p>\n\t<p><strong>Projektansatz und Ergebnis: \u201eKlar, flexibel, transparent: Objectives &amp; Key Results (OKR).\u201c<\/strong><\/p>\n\t<p class=\" translation-block\">This target setting methodology, which originated in the BigTech or FinTech area, transfers agile management principles to complete companies or parts of companies. We have adapted this approach to the specific needs of our customers. The elements to this approach are quarterly goal definition, the operationalization of goals into tangible and measurable \"results\", and the flexible and reasoned adjustment of goals which market or company require. In particular, the transparent discussion of setting and achieving business unit objectives has significantly improved the level of understanding and cooperation across organizational units. Decisions are made more quickly, and are now value-oriented and transparent. Responsibility is more decentralized, and at the same time more measurable.<\/p>\n\t<h3>Provider Strategy Insurance<\/h3>\n\t<p><strong>Customer challenge: \"Our processes are too manual, many documents are paper-based and our IT platform is outdated. How can we overcome this situation, and which strategic partners we should work with?\"<\/strong><\/p>\n\t<p>An insurance company needed an opportunity\/risk assessment of their existing (partner) structures and a reorientation of their IT provider strategy.<\/p>\n\t<p><strong>Project approach and result: \"New strategic partnership for the future of the insurance business.\"<\/strong><\/p>\n\t<p>Based an intensive business-oriented, technical, economic and strategic evaluation, the previous provider\u2019s model was dissolved and the upcoming \"forced migration\" to a new solution of the old provider was averted. Instead, a new strategic partner was found to best fit the needs of our customer, the existing platform was updated from a technical and capability perspective. Customers, business units and IT are already benefiting from this new provider strategy \u2013 the insurance performs \"better, cheaper and faster\".<\/p>\n    <img decoding=\"async\" src=\"https:\/\/bmc-strategy.com\/wp-content\/uploads\/2019\/06\/LOGO_png_small_250px.png\" width=\"\" alt=\"\">\n    <p>We are pleased to announce that we are now BMC Strategy, you can find us now here.<\/p>\n    <a href=\"https:\/\/bmc-strategy.com\/\">https:\/\/bmc-strategy.com\/<\/a>\n\t\t\t\t<a href=\"https:\/\/bmc-professionals.com\/en\/\" target=\"_self\" itemprop=\"url\" rel=\"noopener\">\n\t\t\t\t<img decoding=\"async\" loading=\"lazy\" src=\"https:\/\/bmc-professionals.com\/wp-content\/uploads\/2019\/09\/LOGO_png_small_250px.png\" alt=\"LOGO_png_small_250px\" itemprop=\"image\" height=\"62\" width=\"250\" title=\"LOGO_png_small_250px\" onerror=\"this.style.display='none'\"  \/>\n\t\t\t\t<\/a>\n\t<p><a href=\"https:\/\/bmc-professionals.com\/en\/kontakt\/\">Contact <\/a>\u00a0I\u00a0<a href=\"https:\/\/bmc-professionals.com\/en\/karriere\/\"> Career<\/a>\u00a0 I\u00a0 <a href=\"https:\/\/bmc-professionals.com\/en\/impressum\/\">Imprint<\/a>\u00a0 I\u00a0 <a href=\"https:\/\/bmc-professionals.com\/en\/datenschutz\/\">Privacy Protection<\/a><\/p>","protected":false},"excerpt":{"rendered":"<p>\t\t\t\t<![CDATA[]]>\t\t<\/p>","protected":false},"author":1,"featured_media":0,"parent":0,"menu_order":0,"comment_status":"closed","ping_status":"closed","template":"","meta":[],"_links":{"self":[{"href":"https:\/\/bmc-professionals.com\/en\/wp-json\/wp\/v2\/pages\/274"}],"collection":[{"href":"https:\/\/bmc-professionals.com\/en\/wp-json\/wp\/v2\/pages"}],"about":[{"href":"https:\/\/bmc-professionals.com\/en\/wp-json\/wp\/v2\/types\/page"}],"author":[{"embeddable":true,"href":"https:\/\/bmc-professionals.com\/en\/wp-json\/wp\/v2\/users\/1"}],"replies":[{"embeddable":true,"href":"https:\/\/bmc-professionals.com\/en\/wp-json\/wp\/v2\/comments?post=274"}],"version-history":[{"count":2,"href":"https:\/\/bmc-professionals.com\/en\/wp-json\/wp\/v2\/pages\/274\/revisions"}],"predecessor-version":[{"id":1565,"href":"https:\/\/bmc-professionals.com\/en\/wp-json\/wp\/v2\/pages\/274\/revisions\/1565"}],"wp:attachment":[{"href":"https:\/\/bmc-professionals.com\/en\/wp-json\/wp\/v2\/media?parent=274"}],"curies":[{"name":"wp","href":"https:\/\/api.w.org\/{rel}","templated":true}]}}